{"id":824,"date":"2024-11-11T23:16:24","date_gmt":"2024-11-11T22:16:24","guid":{"rendered":"https:\/\/rk-mladost-sm.hr\/?page_id=824"},"modified":"2025-11-03T22:52:13","modified_gmt":"2025-11-03T21:52:13","slug":"igraci-1-momcadi","status":"publish","type":"page","link":"https:\/\/rk-mladost-sm.hr\/?page_id=824","title":{"rendered":"IGRA\u010cI 1. MOM\u010cADI"},"content":{"rendered":"<div id=\"joomsport-container\">\n    <div class=\"table-responsive\">\n        <table class=\"table\">\n                            <thead>\n                    <tr>\n                        <th class=\"jsalignleft\">Igra\u010d<\/th>\n\n                                                <th class=\"jsaligncenter\">Goal<\/th>\n                    <\/tr>\n                <\/thead>\n                <tbody>\n                    <tr><td><div class=\"jsDivLineEmbl\"><a href=\"https:\/\/rk-mladost-sm.hr\/?joomsport_player=luka-barisic-jaman&amp;sid=1774\"><img decoding=\"async\" class=\"img-thumbnail img-responsive\" src=\"https:\/\/rk-mladost-sm.hr\/wp-content\/uploads\/2025\/11\/Luka-Barisic-Jaman-150x150.jpg\" width=\"50\" style=\"max-width: 50px\" alt=\"Luka Bari\u0161i\u0107 Jaman\" title=\"Luka Bari\u0161i\u0107 Jaman\" \/><\/a><div class=\"js_div_particName\"><a href=\"https:\/\/rk-mladost-sm.hr\/?joomsport_player=luka-barisic-jaman&amp;sid=1774\">Luka Bari\u0161i\u0107 Jaman<\/a><\/div><\/div><\/td><td class=\"jsaligncenter\">20<\/td><\/tr><tr><td><div class=\"jsDivLineEmbl\"><a href=\"https:\/\/rk-mladost-sm.hr\/?joomsport_player=janko-nackar&amp;sid=1774\"><img decoding=\"async\" class=\"img-thumbnail img-responsive\" src=\"https:\/\/rk-mladost-sm.hr\/wp-content\/uploads\/2025\/11\/Nackar-Janko-150x150.jpg\" width=\"50\" style=\"max-width: 50px\" alt=\"Janko Na\u010dkar\" title=\"Janko Na\u010dkar\" \/><\/a><div class=\"js_div_particName\"><a href=\"https:\/\/rk-mladost-sm.hr\/?joomsport_player=janko-nackar&amp;sid=1774\">Janko Na\u010dkar<\/a><\/div><\/div><\/td><td class=\"jsaligncenter\">20<\/td><\/tr><tr><td><div class=\"jsDivLineEmbl\"><a href=\"https:\/\/rk-mladost-sm.hr\/?joomsport_player=matija-runtas&amp;sid=1774\"><img decoding=\"async\" class=\"img-thumbnail img-responsive\" src=\"https:\/\/rk-mladost-sm.hr\/wp-content\/uploads\/2025\/11\/Runtas-Matija-150x150.jpg\" width=\"50\" style=\"max-width: 50px\" alt=\"Matija Runtas\" title=\"Matija Runtas\" \/><\/a><div class=\"js_div_particName\"><a href=\"https:\/\/rk-mladost-sm.hr\/?joomsport_player=matija-runtas&amp;sid=1774\">Matija Runtas<\/a><\/div><\/div><\/td><td class=\"jsaligncenter\">15<\/td><\/tr><tr><td><div class=\"jsDivLineEmbl\"><a href=\"https:\/\/rk-mladost-sm.hr\/?joomsport_player=patrik-filipec&amp;sid=1774\"><img decoding=\"async\" class=\"img-thumbnail img-responsive\" src=\"https:\/\/rk-mladost-sm.hr\/wp-content\/uploads\/2025\/11\/Patrik-Filipec-150x150.jpg\" width=\"50\" style=\"max-width: 50px\" alt=\"Patrik Filipec\" title=\"Patrik Filipec\" \/><\/a><div class=\"js_div_particName\"><a href=\"https:\/\/rk-mladost-sm.hr\/?joomsport_player=patrik-filipec&amp;sid=1774\">Patrik Filipec<\/a><\/div><\/div><\/td><td class=\"jsaligncenter\">14<\/td><\/tr><tr><td><div class=\"jsDivLineEmbl\"><a href=\"https:\/\/rk-mladost-sm.hr\/?joomsport_player=fran-troselj&amp;sid=1774\"><img decoding=\"async\" class=\"img-thumbnail img-responsive\" src=\"https:\/\/rk-mladost-sm.hr\/wp-content\/uploads\/2025\/11\/Troselj-Fran-150x150.jpg\" width=\"50\" style=\"max-width: 50px\" alt=\"Fran Tro\u0161elj\" title=\"Fran Tro\u0161elj\" \/><\/a><div class=\"js_div_particName\"><a href=\"https:\/\/rk-mladost-sm.hr\/?joomsport_player=fran-troselj&amp;sid=1774\">Fran Tro\u0161elj<\/a><\/div><\/div><\/td><td class=\"jsaligncenter\">12<\/td><\/tr><tr><td><div class=\"jsDivLineEmbl\"><a href=\"https:\/\/rk-mladost-sm.hr\/?joomsport_player=petar-karlo-lucevic&amp;sid=1774\"><img decoding=\"async\" class=\"img-thumbnail img-responsive\" src=\"https:\/\/rk-mladost-sm.hr\/wp-content\/uploads\/2025\/11\/Lucevic-Petar-Karlo-150x150.jpg\" width=\"50\" style=\"max-width: 50px\" alt=\"Petar Karlo Lucevi\u0107\" title=\"Petar Karlo Lucevi\u0107\" \/><\/a><div class=\"js_div_particName\"><a href=\"https:\/\/rk-mladost-sm.hr\/?joomsport_player=petar-karlo-lucevic&amp;sid=1774\">Petar Karlo Lucevi\u0107<\/a><\/div><\/div><\/td><td class=\"jsaligncenter\">11<\/td><\/tr><tr><td><div class=\"jsDivLineEmbl\"><a href=\"https:\/\/rk-mladost-sm.hr\/?joomsport_player=fabian-kusic&amp;sid=1774\"><img decoding=\"async\" class=\"img-thumbnail img-responsive\" src=\"https:\/\/rk-mladost-sm.hr\/wp-content\/uploads\/2025\/11\/Fabian-Kusic-150x150.jpg\" width=\"50\" style=\"max-width: 50px\" alt=\"Fabian Ku\u0161i\u0107\" title=\"Fabian Ku\u0161i\u0107\" \/><\/a><div class=\"js_div_particName\"><a href=\"https:\/\/rk-mladost-sm.hr\/?joomsport_player=fabian-kusic&amp;sid=1774\">Fabian Ku\u0161i\u0107<\/a><\/div><\/div><\/td><td class=\"jsaligncenter\">10<\/td><\/tr><tr><td><div class=\"jsDivLineEmbl\"><a href=\"https:\/\/rk-mladost-sm.hr\/?joomsport_player=sven-boljkovac&amp;sid=1774\"><img decoding=\"async\" class=\"img-thumbnail img-responsive\" src=\"https:\/\/rk-mladost-sm.hr\/wp-content\/uploads\/2025\/11\/Sven-Boljkovac-150x150.jpg\" width=\"50\" style=\"max-width: 50px\" alt=\"Sven Boljkovac\" title=\"Sven Boljkovac\" \/><\/a><div class=\"js_div_particName\"><a href=\"https:\/\/rk-mladost-sm.hr\/?joomsport_player=sven-boljkovac&amp;sid=1774\">Sven Boljkovac<\/a><\/div><\/div><\/td><td class=\"jsaligncenter\">9<\/td><\/tr><tr><td><div class=\"jsDivLineEmbl\"><a href=\"https:\/\/rk-mladost-sm.hr\/?joomsport_player=david-mapilele&amp;sid=1774\"><img decoding=\"async\" class=\"img-thumbnail img-responsive\" src=\"https:\/\/rk-mladost-sm.hr\/wp-content\/uploads\/2025\/11\/Mapilele-David-150x150.jpg\" width=\"50\" style=\"max-width: 50px\" alt=\"David Mapilele\" title=\"David Mapilele\" \/><\/a><div class=\"js_div_particName\"><a href=\"https:\/\/rk-mladost-sm.hr\/?joomsport_player=david-mapilele&amp;sid=1774\">David Mapilele<\/a><\/div><\/div><\/td><td class=\"jsaligncenter\">9<\/td><\/tr><tr><td><div class=\"jsDivLineEmbl\"><a href=\"https:\/\/rk-mladost-sm.hr\/?joomsport_player=fran-zajec&amp;sid=1774\"><img decoding=\"async\" class=\"img-thumbnail img-responsive\" src=\"https:\/\/rk-mladost-sm.hr\/wp-content\/uploads\/2025\/11\/Fran-Zajec-150x150.jpg\" width=\"50\" style=\"max-width: 50px\" alt=\"Fran Zajec\" title=\"Fran Zajec\" \/><\/a><div class=\"js_div_particName\"><a href=\"https:\/\/rk-mladost-sm.hr\/?joomsport_player=fran-zajec&amp;sid=1774\">Fran Zajec<\/a><\/div><\/div><\/td><td class=\"jsaligncenter\">8<\/td><\/tr><tr><td><div class=\"jsDivLineEmbl\"><a href=\"https:\/\/rk-mladost-sm.hr\/?joomsport_player=patrik-prislin&amp;sid=1774\"><img decoding=\"async\" class=\"img-thumbnail img-responsive\" src=\"https:\/\/rk-mladost-sm.hr\/wp-content\/uploads\/2025\/11\/Prislin-Patrik-150x150.jpg\" width=\"50\" style=\"max-width: 50px\" alt=\"Patrik Pri\u0161lin\" title=\"Patrik Pri\u0161lin\" \/><\/a><div class=\"js_div_particName\"><a href=\"https:\/\/rk-mladost-sm.hr\/?joomsport_player=patrik-prislin&amp;sid=1774\">Patrik Pri\u0161lin<\/a><\/div><\/div><\/td><td class=\"jsaligncenter\">8<\/td><\/tr><tr><td><div class=\"jsDivLineEmbl\"><a href=\"https:\/\/rk-mladost-sm.hr\/?joomsport_player=dean-vidovic&amp;sid=1774\"><img decoding=\"async\" class=\"img-thumbnail img-responsive\" src=\"https:\/\/rk-mladost-sm.hr\/wp-content\/uploads\/2025\/11\/Vidovic-Dean-150x150.jpg\" width=\"50\" style=\"max-width: 50px\" alt=\"Dean Vidovi\u0107\" title=\"Dean Vidovi\u0107\" \/><\/a><div class=\"js_div_particName\"><a href=\"https:\/\/rk-mladost-sm.hr\/?joomsport_player=dean-vidovic&amp;sid=1774\">Dean Vidovi\u0107<\/a><\/div><\/div><\/td><td class=\"jsaligncenter\">7<\/td><\/tr><tr><td><div class=\"jsDivLineEmbl\"><a href=\"https:\/\/rk-mladost-sm.hr\/?joomsport_player=marsel-jendris&amp;sid=1774\"><img decoding=\"async\" class=\"img-thumbnail img-responsive\" src=\"https:\/\/rk-mladost-sm.hr\/wp-content\/uploads\/2025\/04\/Marsel-Jendris-150x150.jpg\" width=\"50\" style=\"max-width: 50px\" alt=\"Marsel Jendri\u0161\" title=\"Marsel Jendri\u0161\" \/><\/a><div class=\"js_div_particName\"><a href=\"https:\/\/rk-mladost-sm.hr\/?joomsport_player=marsel-jendris&amp;sid=1774\">Marsel Jendri\u0161<\/a><\/div><\/div><\/td><td class=\"jsaligncenter\">5<\/td><\/tr><tr><td><div class=\"jsDivLineEmbl\"><a href=\"https:\/\/rk-mladost-sm.hr\/?joomsport_player=janko-razum&amp;sid=1774\"><img decoding=\"async\" class=\"img-thumbnail img-responsive\" src=\"https:\/\/rk-mladost-sm.hr\/wp-content\/uploads\/2025\/11\/Razum-Janko-150x150.jpg\" width=\"50\" style=\"max-width: 50px\" alt=\"Janko Razum\" title=\"Janko Razum\" \/><\/a><div class=\"js_div_particName\"><a href=\"https:\/\/rk-mladost-sm.hr\/?joomsport_player=janko-razum&amp;sid=1774\">Janko Razum<\/a><\/div><\/div><\/td><td class=\"jsaligncenter\">4<\/td><\/tr><tr><td><div class=\"jsDivLineEmbl\"><a href=\"https:\/\/rk-mladost-sm.hr\/?joomsport_player=tin-cucek&amp;sid=1774\"><img decoding=\"async\" class=\"img-thumbnail img-responsive\" src=\"https:\/\/rk-mladost-sm.hr\/wp-content\/uploads\/2025\/11\/Cucek-Tin-150x150.jpg\" width=\"50\" style=\"max-width: 50px\" alt=\"Tin \u010cu\u010dek\" title=\"Tin \u010cu\u010dek\" \/><\/a><div class=\"js_div_particName\"><a href=\"https:\/\/rk-mladost-sm.hr\/?joomsport_player=tin-cucek&amp;sid=1774\">Tin \u010cu\u010dek<\/a><\/div><\/div><\/td><td class=\"jsaligncenter\">3<\/td><\/tr><tr><td><div class=\"jsDivLineEmbl\"><a href=\"https:\/\/rk-mladost-sm.hr\/?joomsport_player=andrija-francina&amp;sid=1774\"><img decoding=\"async\" class=\"img-thumbnail img-responsive\" src=\"https:\/\/rk-mladost-sm.hr\/wp-content\/uploads\/2025\/11\/Francina-Andrija-150x150.jpg\" width=\"50\" style=\"max-width: 50px\" alt=\"Andrija Fran\u010dina\" title=\"Andrija Fran\u010dina\" \/><\/a><div class=\"js_div_particName\"><a href=\"https:\/\/rk-mladost-sm.hr\/?joomsport_player=andrija-francina&amp;sid=1774\">Andrija Fran\u010dina<\/a><\/div><\/div><\/td><td class=\"jsaligncenter\">3<\/td><\/tr><tr><td><div class=\"jsDivLineEmbl\"><a href=\"https:\/\/rk-mladost-sm.hr\/?joomsport_player=roko-balen&amp;sid=1774\"><img decoding=\"async\" class=\"img-thumbnail img-responsive\" src=\"https:\/\/rk-mladost-sm.hr\/wp-content\/uploads\/2025\/11\/Balen-Roko-150x150.jpg\" width=\"50\" style=\"max-width: 50px\" alt=\"Roko Balen\" title=\"Roko Balen\" \/><\/a><div class=\"js_div_particName\"><a href=\"https:\/\/rk-mladost-sm.hr\/?joomsport_player=roko-balen&amp;sid=1774\">Roko Balen<\/a><\/div><\/div><\/td><td class=\"jsaligncenter\">2<\/td><\/tr><tr><td><div class=\"jsDivLineEmbl\"><a href=\"https:\/\/rk-mladost-sm.hr\/?joomsport_player=luka-obradovic&amp;sid=1774\"><img decoding=\"async\" class=\"img-thumbnail img-responsive\" src=\"https:\/\/rk-mladost-sm.hr\/wp-content\/uploads\/2025\/11\/Obradovic-Luka-150x150.jpg\" width=\"50\" style=\"max-width: 50px\" alt=\"Luka Obradovi\u0107\" title=\"Luka Obradovi\u0107\" \/><\/a><div class=\"js_div_particName\"><a href=\"https:\/\/rk-mladost-sm.hr\/?joomsport_player=luka-obradovic&amp;sid=1774\">Luka Obradovi\u0107<\/a><\/div><\/div><\/td><td class=\"jsaligncenter\">1<\/td><\/tr><tr><td><div class=\"jsDivLineEmbl\"><a href=\"https:\/\/rk-mladost-sm.hr\/?joomsport_player=luka-devcic&amp;sid=1774\"><img decoding=\"async\" class=\"img-thumbnail img-responsive\" src=\"https:\/\/rk-mladost-sm.hr\/wp-content\/uploads\/2025\/11\/Devcic-Luka-150x150.jpg\" width=\"50\" style=\"max-width: 50px\" alt=\"Luka Dev\u010di\u0107\" title=\"Luka Dev\u010di\u0107\" \/><\/a><div class=\"js_div_particName\"><a href=\"https:\/\/rk-mladost-sm.hr\/?joomsport_player=luka-devcic&amp;sid=1774\">Luka Dev\u010di\u0107<\/a><\/div><\/div><\/td><td class=\"jsaligncenter\">0<\/td><\/tr><tr><td><div class=\"jsDivLineEmbl\"><a href=\"https:\/\/rk-mladost-sm.hr\/?joomsport_player=karlo-miscevoc&amp;sid=1774\"><img decoding=\"async\" class=\"img-thumbnail img-responsive\" src=\"https:\/\/rk-mladost-sm.hr\/wp-content\/uploads\/2025\/11\/Karlo-Miscevic-150x150.jpg\" width=\"50\" style=\"max-width: 50px\" alt=\"Karlo Mi\u0161\u0107evo\u0107\" title=\"Karlo Mi\u0161\u0107evo\u0107\" \/><\/a><div class=\"js_div_particName\"><a href=\"https:\/\/rk-mladost-sm.hr\/?joomsport_player=karlo-miscevoc&amp;sid=1774\">Karlo Mi\u0161\u0107evo\u0107<\/a><\/div><\/div><\/td><td class=\"jsaligncenter\">0<\/td><\/tr><tr><td><div class=\"jsDivLineEmbl\"><a href=\"https:\/\/rk-mladost-sm.hr\/?joomsport_player=stjepan-kuhar&amp;sid=1774\"><img decoding=\"async\" class=\"img-thumbnail img-responsive\" src=\"https:\/\/rk-mladost-sm.hr\/wp-content\/uploads\/2025\/11\/Kuhar-Stjepan-150x150.jpg\" width=\"50\" style=\"max-width: 50px\" alt=\"Stjepan Kuhar\" title=\"Stjepan Kuhar\" \/><\/a><div class=\"js_div_particName\"><a href=\"https:\/\/rk-mladost-sm.hr\/?joomsport_player=stjepan-kuhar&amp;sid=1774\">Stjepan Kuhar<\/a><\/div><\/div><\/td><td class=\"jsaligncenter\">0<\/td><\/tr><tr><td><div class=\"jsDivLineEmbl\"><a href=\"https:\/\/rk-mladost-sm.hr\/?joomsport_player=roko-miljanic&amp;sid=1774\"><img decoding=\"async\" class=\"img-thumbnail img-responsive\" src=\"https:\/\/rk-mladost-sm.hr\/wp-content\/uploads\/2025\/11\/Miljanic-Roko-150x150.jpg\" width=\"50\" style=\"max-width: 50px\" alt=\"Roko Miljani\u0107\" title=\"Roko Miljani\u0107\" \/><\/a><div class=\"js_div_particName\"><a href=\"https:\/\/rk-mladost-sm.hr\/?joomsport_player=roko-miljanic&amp;sid=1774\">Roko Miljani\u0107<\/a><\/div><\/div><\/td><td class=\"jsaligncenter\">0<\/td><\/tr><tr><td><div class=\"jsDivLineEmbl\"><a href=\"https:\/\/rk-mladost-sm.hr\/?joomsport_player=ivan-veceric&amp;sid=1774\"><img decoding=\"async\" class=\"img-thumbnail img-responsive\" src=\"https:\/\/rk-mladost-sm.hr\/wp-content\/uploads\/2025\/11\/Veceric-Ivan-150x150.jpg\" width=\"50\" style=\"max-width: 50px\" alt=\"Ivan Ve\u010deri\u0107\" title=\"Ivan Ve\u010deri\u0107\" \/><\/a><div class=\"js_div_particName\"><a href=\"https:\/\/rk-mladost-sm.hr\/?joomsport_player=ivan-veceric&amp;sid=1774\">Ivan Ve\u010deri\u0107<\/a><\/div><\/div><\/td><td class=\"jsaligncenter\">0<\/td><\/tr><tr><td><div class=\"jsDivLineEmbl\"><a href=\"https:\/\/rk-mladost-sm.hr\/?joomsport_player=arian-delic&amp;sid=1774\"><img decoding=\"async\" class=\"img-thumbnail img-responsive\" src=\"https:\/\/rk-mladost-sm.hr\/wp-content\/uploads\/2025\/11\/Delic-Arian-150x150.jpg\" width=\"50\" style=\"max-width: 50px\" alt=\"Arian Deli\u0107\" title=\"Arian Deli\u0107\" \/><\/a><div class=\"js_div_particName\"><a href=\"https:\/\/rk-mladost-sm.hr\/?joomsport_player=arian-delic&amp;sid=1774\">Arian Deli\u0107<\/a><\/div><\/div><\/td><td class=\"jsaligncenter\">0<\/td><\/tr><tr><td><div class=\"jsDivLineEmbl\"><a href=\"https:\/\/rk-mladost-sm.hr\/?joomsport_player=antonio-kovacic&amp;sid=1774\"><img decoding=\"async\" class=\"img-thumbnail img-responsive\" src=\"https:\/\/rk-mladost-sm.hr\/wp-content\/uploads\/2025\/11\/Kovacic-Antonio-150x150.jpg\" width=\"50\" style=\"max-width: 50px\" alt=\"Antonio Kova\u010di\u0107\" title=\"Antonio Kova\u010di\u0107\" \/><\/a><div class=\"js_div_particName\"><a href=\"https:\/\/rk-mladost-sm.hr\/?joomsport_player=antonio-kovacic&amp;sid=1774\">Antonio Kova\u010di\u0107<\/a><\/div><\/div><\/td><td class=\"jsaligncenter\">0<\/td><\/tr><tr><td><div class=\"jsDivLineEmbl\"><a href=\"https:\/\/rk-mladost-sm.hr\/?joomsport_player=lovro-pajic&amp;sid=1774\"><img decoding=\"async\" class=\"img-thumbnail img-responsive\" src=\"https:\/\/rk-mladost-sm.hr\/wp-content\/uploads\/2025\/11\/Pajic-Lovro-150x150.jpg\" width=\"50\" style=\"max-width: 50px\" alt=\"Lovro Paji\u0107\" title=\"Lovro Paji\u0107\" \/><\/a><div class=\"js_div_particName\"><a href=\"https:\/\/rk-mladost-sm.hr\/?joomsport_player=lovro-pajic&amp;sid=1774\">Lovro Paji\u0107<\/a><\/div><\/div><\/td><td class=\"jsaligncenter\">0<\/td><\/tr>            <\/tbody>\n        <\/table>\n    <\/div>\n<\/div>\n","protected":false},"excerpt":{"rendered":"","protected":false},"author":1,"featured_media":0,"parent":0,"menu_order":0,"comment_status":"closed","ping_status":"closed","template":"","meta":{"footnotes":""},"class_list":["post-824","page","type-page","status-publish","hentry"],"jetpack_sharing_enabled":true,"_links":{"self":[{"href":"https:\/\/rk-mladost-sm.hr\/index.php?rest_route=\/wp\/v2\/pages\/824","targetHints":{"allow":["GET"]}}],"collection":[{"href":"https:\/\/rk-mladost-sm.hr\/index.php?rest_route=\/wp\/v2\/pages"}],"about":[{"href":"https:\/\/rk-mladost-sm.hr\/index.php?rest_route=\/wp\/v2\/types\/page"}],"author":[{"embeddable":true,"href":"https:\/\/rk-mladost-sm.hr\/index.php?rest_route=\/wp\/v2\/users\/1"}],"replies":[{"embeddable":true,"href":"https:\/\/rk-mladost-sm.hr\/index.php?rest_route=%2Fwp%2Fv2%2Fcomments&post=824"}],"version-history":[{"count":8,"href":"https:\/\/rk-mladost-sm.hr\/index.php?rest_route=\/wp\/v2\/pages\/824\/revisions"}],"predecessor-version":[{"id":2313,"href":"https:\/\/rk-mladost-sm.hr\/index.php?rest_route=\/wp\/v2\/pages\/824\/revisions\/2313"}],"wp:attachment":[{"href":"https:\/\/rk-mladost-sm.hr\/index.php?rest_route=%2Fwp%2Fv2%2Fmedia&parent=824"}],"curies":[{"name":"wp","href":"https:\/\/api.w.org\/{rel}","templated":true}]}}