{"id":2498,"date":"2026-01-09T20:31:07","date_gmt":"2026-01-09T19:31:07","guid":{"rendered":"https:\/\/rk-mladost-sm.hr\/?page_id=2498"},"modified":"2026-01-09T20:31:07","modified_gmt":"2026-01-09T19:31:07","slug":"ivica-birovcec-2026","status":"publish","type":"page","link":"https:\/\/rk-mladost-sm.hr\/?page_id=2498","title":{"rendered":"IVICA BIROV\u010cEC 2026"},"content":{"rendered":"\n<p>Na\u0161i najmla\u0111i de\u010dki sudjeluju na tradicionalnom turniru Ivica Birov\u010dec 2026.<\/p>\n\n\n\n<p>Veselimo se&#8230;<\/p>\n\n\n\n<div data-wp-interactive=\"core\/file\" class=\"wp-block-file\"><object data-wp-bind--hidden=\"!state.hasPdfPreview\" hidden class=\"wp-block-file__embed\" data=\"https:\/\/rk-mladost-sm.hr\/wp-content\/uploads\/2026\/01\/MIB_poziv_klubovi.pdf\" type=\"application\/pdf\" style=\"width:100%;height:600px\" aria-label=\"Ugra\u0111eno MIB_poziv_klubovi.\"><\/object><a id=\"wp-block-file--media-19fddb58-d6ad-4556-a6b0-afaef61df445\" href=\"https:\/\/rk-mladost-sm.hr\/wp-content\/uploads\/2026\/01\/MIB_poziv_klubovi.pdf\">MIB_poziv_klubovi<\/a><a href=\"https:\/\/rk-mladost-sm.hr\/wp-content\/uploads\/2026\/01\/MIB_poziv_klubovi.pdf\" class=\"wp-block-file__button wp-element-button\" download aria-describedby=\"wp-block-file--media-19fddb58-d6ad-4556-a6b0-afaef61df445\">Preuzmi<\/a><\/div>\n\n\n\n<div data-wp-interactive=\"core\/file\" class=\"wp-block-file\"><object data-wp-bind--hidden=\"!state.hasPdfPreview\" hidden class=\"wp-block-file__embed\" data=\"https:\/\/rk-mladost-sm.hr\/wp-content\/uploads\/2026\/01\/Propozicije_Memorijal_IB_2026.pdf\" type=\"application\/pdf\" style=\"width:100%;height:600px\" aria-label=\"Ugra\u0111eno Propozicije_Memorijal_IB_2026.\"><\/object><a id=\"wp-block-file--media-f92cb50e-156a-4b65-8911-1e7450af4634\" href=\"https:\/\/rk-mladost-sm.hr\/wp-content\/uploads\/2026\/01\/Propozicije_Memorijal_IB_2026.pdf\">Propozicije_Memorijal_IB_2026<\/a><a href=\"https:\/\/rk-mladost-sm.hr\/wp-content\/uploads\/2026\/01\/Propozicije_Memorijal_IB_2026.pdf\" class=\"wp-block-file__button wp-element-button\" download aria-describedby=\"wp-block-file--media-f92cb50e-156a-4b65-8911-1e7450af4634\">Preuzmi<\/a><\/div>\n","protected":false},"excerpt":{"rendered":"<p>Na\u0161i najmla\u0111i de\u010dki sudjeluju na tradicionalnom turniru Ivica Birov\u010dec 2026. Veselimo se&#8230;<\/p>\n","protected":false},"author":1,"featured_media":0,"parent":0,"menu_order":0,"comment_status":"closed","ping_status":"closed","template":"","meta":{"footnotes":""},"class_list":["post-2498","page","type-page","status-publish","hentry"],"jetpack_sharing_enabled":true,"_links":{"self":[{"href":"https:\/\/rk-mladost-sm.hr\/index.php?rest_route=\/wp\/v2\/pages\/2498","targetHints":{"allow":["GET"]}}],"collection":[{"href":"https:\/\/rk-mladost-sm.hr\/index.php?rest_route=\/wp\/v2\/pages"}],"about":[{"href":"https:\/\/rk-mladost-sm.hr\/index.php?rest_route=\/wp\/v2\/types\/page"}],"author":[{"embeddable":true,"href":"https:\/\/rk-mladost-sm.hr\/index.php?rest_route=\/wp\/v2\/users\/1"}],"replies":[{"embeddable":true,"href":"https:\/\/rk-mladost-sm.hr\/index.php?rest_route=%2Fwp%2Fv2%2Fcomments&post=2498"}],"version-history":[{"count":1,"href":"https:\/\/rk-mladost-sm.hr\/index.php?rest_route=\/wp\/v2\/pages\/2498\/revisions"}],"predecessor-version":[{"id":2503,"href":"https:\/\/rk-mladost-sm.hr\/index.php?rest_route=\/wp\/v2\/pages\/2498\/revisions\/2503"}],"wp:attachment":[{"href":"https:\/\/rk-mladost-sm.hr\/index.php?rest_route=%2Fwp%2Fv2%2Fmedia&parent=2498"}],"curies":[{"name":"wp","href":"https:\/\/api.w.org\/{rel}","templated":true}]}}